{"id":8658,"date":"2022-01-14T14:07:22","date_gmt":"2022-01-14T13:07:22","guid":{"rendered":"https:\/\/www.institut-repere.com\/info\/?page_id=8658"},"modified":"2022-01-18T15:57:03","modified_gmt":"2022-01-18T14:57:03","slug":"catalogue","status":"publish","type":"page","link":"https:\/\/www.institut-repere.com\/info\/catalogue\/","title":{"rendered":"Catalogue de formations"},"content":{"rendered":"\n<div class=\"_df_book df-container df-loading \" id=\"df_8655\"  data-title=\"catalogue-2022\" _slug=\"catalogue-2022\" wpoptions=\"true\" thumb=\"https:\/\/www.institut-repere.com\/info\/wp-content\/uploads\/2022\/01\/catalogue2022.jpg\" thumbtype=\"bg\" ><\/div><script class=\"df-shortcode-script\" type=\"application\/javascript\">window.option_df_8655 = {\"outline\":[],\"forceFit\":\"true\",\"autoEnableOutline\":\"false\",\"autoEnableThumbnail\":\"false\",\"overwritePDFOutline\":\"false\",\"direction\":\"1\",\"pageSize\":\"0\",\"source\":\"https:\\\/\\\/www.institut-repere.com\\\/info\\\/wp-content\\\/uploads\\\/2022\\\/01\\\/Catalogue-Repere-v8-11-pages.pdf\",\"wpOptions\":\"true\"}; if(window.DFLIP && window.DFLIP.parseBooks){window.DFLIP.parseBooks();}<\/script>\n","protected":false},"excerpt":{"rendered":"","protected":false},"author":1,"featured_media":0,"parent":0,"menu_order":0,"comment_status":"closed","ping_status":"closed","template":"elementor_header_footer","meta":{"footnotes":""},"class_list":["post-8658","page","type-page","status-publish","hentry"],"yoast_head":"<!-- This site is optimized with the Yoast SEO Premium plugin v14.9 - https:\/\/yoast.com\/wordpress\/plugins\/seo\/ -->\n<title>Catalogue de formations - Institut Rep\u00e8re<\/title>\n<meta name=\"description\" content=\"Retrouvez toutes nos formations ainsi que leurs modalit\u00e9s. \u00e0 visionner sur notre site internet ou \u00e0 t\u00e9l\u00e9charger au format PDF.\" \/>\n<meta name=\"robots\" content=\"index, follow, max-snippet:-1, max-image-preview:large, max-video-preview:-1\" \/>\n<link rel=\"canonical\" href=\"https:\/\/www.institut-repere.com\/info\/catalogue\/\" \/>\n<meta property=\"og:locale\" content=\"fr_FR\" \/>\n<meta property=\"og:type\" content=\"article\" \/>\n<meta property=\"og:title\" content=\"Catalogue de formations - Institut Rep\u00e8re\" \/>\n<meta property=\"og:description\" content=\"Retrouvez toutes nos formations ainsi que leurs modalit\u00e9s. \u00e0 visionner sur notre site internet ou \u00e0 t\u00e9l\u00e9charger au format PDF.\" \/>\n<meta property=\"og:url\" content=\"https:\/\/www.institut-repere.com\/info\/catalogue\/\" \/>\n<meta property=\"og:site_name\" content=\"Institut Rep\u00e8re\" \/>\n<meta property=\"article:publisher\" content=\"https:\/\/www.facebook.com\/Institut.Repere\/\" \/>\n<meta property=\"article:modified_time\" content=\"2022-01-18T14:57:03+00:00\" \/>\n<meta property=\"og:image\" content=\"https:\/\/www.institut-repere.com\/info\/wp-content\/uploads\/2022\/01\/catalogue2022.jpg\" \/>\n\t<meta property=\"og:image:width\" content=\"300\" \/>\n\t<meta property=\"og:image:height\" content=\"300\" \/>\n<meta name=\"twitter:card\" content=\"summary_large_image\" \/>\n<meta name=\"twitter:creator\" content=\"@Institut_Repere\" \/>\n<meta name=\"twitter:site\" content=\"@Institut_Repere\" \/>\n<script type=\"application\/ld+json\" class=\"yoast-schema-graph\">{\"@context\":\"https:\/\/schema.org\",\"@graph\":[{\"@type\":\"Organization\",\"@id\":\"https:\/\/www.institut-repere.com\/info\/#organization\",\"name\":\"Institut Rep\\u00e8re\",\"url\":\"https:\/\/www.institut-repere.com\/info\/\",\"sameAs\":[\"https:\/\/www.facebook.com\/Institut.Repere\/\",\"https:\/\/www.linkedin.com\/school\/institut-repere\/\",\"https:\/\/www.youtube.com\/channel\/UCqAs9q6Hx9gX5WkYql7tquA\",\"https:\/\/twitter.com\/Institut_Repere\"],\"logo\":{\"@type\":\"ImageObject\",\"@id\":\"https:\/\/www.institut-repere.com\/info\/#logo\",\"inLanguage\":\"fr-FR\",\"url\":\"https:\/\/www.institut-repere.com\/info\/wp-content\/uploads\/2020\/07\/LOGO_INSTITUT_REPERE_VEC.png\",\"width\":925,\"height\":339,\"caption\":\"Institut Rep\\u00e8re\"},\"image\":{\"@id\":\"https:\/\/www.institut-repere.com\/info\/#logo\"}},{\"@type\":\"WebSite\",\"@id\":\"https:\/\/www.institut-repere.com\/info\/#website\",\"url\":\"https:\/\/www.institut-repere.com\/info\/\",\"name\":\"Institut Rep\\u00e8re\",\"description\":\"\",\"publisher\":{\"@id\":\"https:\/\/www.institut-repere.com\/info\/#organization\"},\"potentialAction\":[{\"@type\":\"SearchAction\",\"target\":\"https:\/\/www.institut-repere.com\/info\/?s={search_term_string}\",\"query-input\":\"required name=search_term_string\"}],\"inLanguage\":\"fr-FR\"},{\"@type\":\"WebPage\",\"@id\":\"https:\/\/www.institut-repere.com\/info\/catalogue\/#webpage\",\"url\":\"https:\/\/www.institut-repere.com\/info\/catalogue\/\",\"name\":\"Catalogue de formations - Institut Rep\\u00e8re\",\"isPartOf\":{\"@id\":\"https:\/\/www.institut-repere.com\/info\/#website\"},\"datePublished\":\"2022-01-14T13:07:22+00:00\",\"dateModified\":\"2022-01-18T14:57:03+00:00\",\"description\":\"Retrouvez toutes nos formations ainsi que leurs modalit\\u00e9s. \\u00e0 visionner sur notre site internet ou \\u00e0 t\\u00e9l\\u00e9charger au format PDF.\",\"inLanguage\":\"fr-FR\",\"potentialAction\":[{\"@type\":\"ReadAction\",\"target\":[\"https:\/\/www.institut-repere.com\/info\/catalogue\/\"]}]}]}<\/script>\n<!-- \/ Yoast SEO Premium plugin. -->","_links":{"self":[{"href":"https:\/\/www.institut-repere.com\/info\/wp-json\/wp\/v2\/pages\/8658","targetHints":{"allow":["GET"]}}],"collection":[{"href":"https:\/\/www.institut-repere.com\/info\/wp-json\/wp\/v2\/pages"}],"about":[{"href":"https:\/\/www.institut-repere.com\/info\/wp-json\/wp\/v2\/types\/page"}],"author":[{"embeddable":true,"href":"https:\/\/www.institut-repere.com\/info\/wp-json\/wp\/v2\/users\/1"}],"replies":[{"embeddable":true,"href":"https:\/\/www.institut-repere.com\/info\/wp-json\/wp\/v2\/comments?post=8658"}],"version-history":[{"count":3,"href":"https:\/\/www.institut-repere.com\/info\/wp-json\/wp\/v2\/pages\/8658\/revisions"}],"predecessor-version":[{"id":8666,"href":"https:\/\/www.institut-repere.com\/info\/wp-json\/wp\/v2\/pages\/8658\/revisions\/8666"}],"wp:attachment":[{"href":"https:\/\/www.institut-repere.com\/info\/wp-json\/wp\/v2\/media?parent=8658"}],"curies":[{"name":"wp","href":"https:\/\/api.w.org\/{rel}","templated":true}]}}